{"id":209,"date":"2025-03-18T11:03:21","date_gmt":"2025-03-18T10:03:21","guid":{"rendered":"https:\/\/www.feuerwehrverein-trages.de\/?page_id=209"},"modified":"2025-03-18T15:22:41","modified_gmt":"2025-03-18T14:22:41","slug":"mitglied-werden","status":"publish","type":"page","link":"https:\/\/www.feuerwehrverein-trages.de\/?page_id=209","title":{"rendered":"Mitglied werden"},"content":{"rendered":"\n<p>Jeder Verein ist nur so gut, wie seine Mitglieder. Wir freuen uns sehr, dass du dar\u00fcber nachdenkst, unsere Vereinsarbeit mit deiner Mitgliedschaft zu unterst\u00fctzen.<\/p>\n\n\n\n<p>Unterst\u00fctzung kann dabei auf verschiedene Weise erfolgen. Mit deinem j\u00e4hrlichen Mitgliedsbeitrag leistest du einen kleinen Beitrag zur Deckung unserer Fixkosten. Das entspricht im Prinzip einer passiven Mitgliedschaft. <\/p>\n\n\n\n<p>Idealerweise unterst\u00fctzt du unsere Vereinsarbeit neben der Beitragszahlung auch als aktives Mitglied und bringst dich im Rahmen deiner pers\u00f6nlichen M\u00f6glichkeiten in unser  Vereinsleben ein. Jede helfende Hand ist willkommen!<\/p>\n\n\n\n<div data-wp-interactive=\"core\/file\" class=\"wp-block-file\"><object data-wp-bind--hidden=\"!state.hasPdfPreview\" hidden class=\"wp-block-file__embed\" data=\"https:\/\/www.feuerwehrverein-trages.de\/wp-content\/uploads\/2025\/03\/Mitgliedschaftsantrag-FWV-Trages.pdf\" type=\"application\/pdf\" style=\"width:100%;height:200px\" aria-label=\"Einbettung von Mitgliedschaftsantrag FWV Trages.\"><\/object><a id=\"wp-block-file--media-c2abf765-e05d-4c6e-a2a5-26b8f7de698e\" href=\"https:\/\/www.feuerwehrverein-trages.de\/wp-content\/uploads\/2025\/03\/Mitgliedschaftsantrag-FWV-Trages.pdf\">Mitgliedschaftsantrag FWV Trages<\/a><a href=\"https:\/\/www.feuerwehrverein-trages.de\/wp-content\/uploads\/2025\/03\/Mitgliedschaftsantrag-FWV-Trages.pdf\" class=\"wp-block-file__button wp-element-button\" download aria-describedby=\"wp-block-file--media-c2abf765-e05d-4c6e-a2a5-26b8f7de698e\">Herunterladen<\/a><\/div>\n","protected":false},"excerpt":{"rendered":"<p>Jeder Verein ist nur so gut, wie seine Mitglieder. Wir freuen uns sehr, dass du dar\u00fcber nachdenkst, unsere Vereinsarbeit mit deiner Mitgliedschaft zu unterst\u00fctzen. Unterst\u00fctzung kann dabei auf verschiedene Weise erfolgen. Mit deinem j\u00e4hrlichen Mitgliedsbeitrag leistest du einen kleinen Beitrag zur Deckung unserer Fixkosten. Das entspricht im Prinzip einer passiven Mitgliedschaft. Idealerweise unterst\u00fctzt du unsere &hellip; <\/p>\n<p class=\"link-more\"><a href=\"https:\/\/www.feuerwehrverein-trages.de\/?page_id=209\" class=\"more-link\"><span class=\"screen-reader-text\">\u201eMitglied werden\u201c <\/span>weiterlesen<\/a><\/p>\n","protected":false},"author":1,"featured_media":0,"parent":0,"menu_order":0,"comment_status":"closed","ping_status":"closed","template":"","meta":{"footnotes":""},"class_list":["post-209","page","type-page","status-publish","hentry"],"_links":{"self":[{"href":"https:\/\/www.feuerwehrverein-trages.de\/index.php?rest_route=\/wp\/v2\/pages\/209","targetHints":{"allow":["GET"]}}],"collection":[{"href":"https:\/\/www.feuerwehrverein-trages.de\/index.php?rest_route=\/wp\/v2\/pages"}],"about":[{"href":"https:\/\/www.feuerwehrverein-trages.de\/index.php?rest_route=\/wp\/v2\/types\/page"}],"author":[{"embeddable":true,"href":"https:\/\/www.feuerwehrverein-trages.de\/index.php?rest_route=\/wp\/v2\/users\/1"}],"replies":[{"embeddable":true,"href":"https:\/\/www.feuerwehrverein-trages.de\/index.php?rest_route=%2Fwp%2Fv2%2Fcomments&post=209"}],"version-history":[{"count":0,"href":"https:\/\/www.feuerwehrverein-trages.de\/index.php?rest_route=\/wp\/v2\/pages\/209\/revisions"}],"wp:attachment":[{"href":"https:\/\/www.feuerwehrverein-trages.de\/index.php?rest_route=%2Fwp%2Fv2%2Fmedia&parent=209"}],"curies":[{"name":"wp","href":"https:\/\/api.w.org\/{rel}","templated":true}]}}